{"id":2,"date":"2010-06-18T20:51:35","date_gmt":"2010-06-18T20:51:35","guid":{"rendered":"http:\/\/www.tap.as\/rezepte\/?page_id=2"},"modified":"2015-09-02T10:15:05","modified_gmt":"2015-09-02T08:15:05","slug":"about","status":"publish","type":"page","link":"https:\/\/www.tap.as\/rezepte\/about\/","title":{"rendered":"\u00dcber tap.as"},"content":{"rendered":"<p><strong>Was ist Tap.as?<\/strong><\/p>\n<p>Tap.as (pinchos.ch) ist ein Webprojekt rund um das Thema Tapas, Pinchos und den ganzen Rest der kulinarischen Seite Spaniens. Ziel ist es unsere Besucher umfassend zum Thema zu informieren. Eine Rezeptdatenbank wird auf- und ausgebaut.<\/p>\n<p><strong>Warum gibt es nicht mehr Rezepte?<\/strong><\/p>\n<p>Wir ver\u00f6ffentlichen nur Rezepte, die wir selber getestet\/kreiert haben. Es ist uns besonders wichtig, korrekte Angaben zur Zubereitung sowie Fotos der verschiedenen Arbeitsschritte zu publizieren.<\/p>\n<p><strong>Warum wird mein Kommentar nicht angezeigt?<\/strong><\/p>\n<p>Alle Kommentare werden von uns vor der Ver\u00f6ffentlichung gepr\u00fcft. Kommentare die offensichtlich nur dazu dienen f\u00fcr &#8222;andere Webseiten\/Produkte&#8220; zu werben, werden abgelehnt. Ebenso behalten wir uns vor Kommentare ohne Angabe von Gr\u00fcnden zu k\u00fcrzen oder abzulehnen.<\/p>\n<p><strong>Wer steht hinter Tap.as?<\/strong><\/p>\n<p>Tap.as ist ein privates, nichtkommerzielles Projekt. Entstanden ist die Idee beim Besuch einer Tapas-Bar in <a href=\"http:\/\/benidorm.ch\/\" target=\"_blank\">Benidorm<\/a>. F\u00fcr den Inhalt verantwortlich ist Stefan Hess (siehe <a title=\"Impressum\" href=\"http:\/\/www.tap.as\/rezepte\/impressum\/\">Impressum<\/a>).<\/p>\n<p><strong>Ich habe noch eine Frage&#8230;<\/strong><\/p>\n<p>Dann immer her damit&#8230; <a href=\"mailto:info@tap.as\">info (a) tap.as<\/a><\/p>\n","protected":false},"excerpt":{"rendered":"<p>Was ist Tap.as? Tap.as (pinchos.ch) ist ein Webprojekt rund um das Thema Tapas, Pinchos und den ganzen Rest der kulinarischen Seite Spaniens. Ziel ist es unsere Besucher umfassend zum Thema zu informieren. Eine Rezeptdatenbank wird auf- und ausgebaut. Warum gibt &hellip; <a href=\"https:\/\/www.tap.as\/rezepte\/about\/\">Weiterlesen <span class=\"meta-nav\">&rarr;<\/span><\/a><\/p>\n","protected":false},"author":1,"featured_media":0,"parent":0,"menu_order":5,"comment_status":"closed","ping_status":"closed","template":"sidebar-page.php","meta":[],"yoast_head":"<!-- This site is optimized with the Yoast SEO plugin v18.1 - https:\/\/yoast.com\/wordpress\/plugins\/seo\/ -->\n<meta name=\"robots\" content=\"index, follow, max-snippet:-1, max-image-preview:large, max-video-preview:-1\" \/>\n<link rel=\"canonical\" href=\"https:\/\/www.tap.as\/rezepte\/about\/\" \/>\n<meta property=\"og:locale\" content=\"de_DE\" \/>\n<meta property=\"og:type\" content=\"article\" \/>\n<meta property=\"og:title\" content=\"\u00dcber tap.as - Tap.as\" \/>\n<meta property=\"og:description\" content=\"Was ist Tap.as? Tap.as (pinchos.ch) ist ein Webprojekt rund um das Thema Tapas, Pinchos und den ganzen Rest der kulinarischen Seite Spaniens. Ziel ist es unsere Besucher umfassend zum Thema zu informieren. Eine Rezeptdatenbank wird auf- und ausgebaut. Warum gibt &hellip; Weiterlesen &rarr;\" \/>\n<meta property=\"og:url\" content=\"https:\/\/www.tap.as\/rezepte\/about\/\" \/>\n<meta property=\"og:site_name\" content=\"Tap.as\" \/>\n<meta property=\"article:modified_time\" content=\"2015-09-02T08:15:05+00:00\" \/>\n<meta name=\"twitter:card\" content=\"summary_large_image\" \/>\n<meta name=\"twitter:label1\" content=\"Gesch\u00e4tzte Lesezeit\" \/>\n\t<meta name=\"twitter:data1\" content=\"1\u00a0Minute\" \/>\n<script type=\"application\/ld+json\" class=\"yoast-schema-graph\">{\"@context\":\"https:\/\/schema.org\",\"@graph\":[{\"@type\":\"WebSite\",\"@id\":\"https:\/\/www.tap.as\/rezepte\/#website\",\"url\":\"https:\/\/www.tap.as\/rezepte\/\",\"name\":\"Tap.as\",\"description\":\"Tapas und Pinchos Rezepte\",\"potentialAction\":[{\"@type\":\"SearchAction\",\"target\":{\"@type\":\"EntryPoint\",\"urlTemplate\":\"https:\/\/www.tap.as\/rezepte\/?s={search_term_string}\"},\"query-input\":\"required name=search_term_string\"}],\"inLanguage\":\"de\"},{\"@type\":\"WebPage\",\"@id\":\"https:\/\/www.tap.as\/rezepte\/about\/#webpage\",\"url\":\"https:\/\/www.tap.as\/rezepte\/about\/\",\"name\":\"\u00dcber tap.as - Tap.as\",\"isPartOf\":{\"@id\":\"https:\/\/www.tap.as\/rezepte\/#website\"},\"datePublished\":\"2010-06-18T20:51:35+00:00\",\"dateModified\":\"2015-09-02T08:15:05+00:00\",\"breadcrumb\":{\"@id\":\"https:\/\/www.tap.as\/rezepte\/about\/#breadcrumb\"},\"inLanguage\":\"de\",\"potentialAction\":[{\"@type\":\"ReadAction\",\"target\":[\"https:\/\/www.tap.as\/rezepte\/about\/\"]}]},{\"@type\":\"BreadcrumbList\",\"@id\":\"https:\/\/www.tap.as\/rezepte\/about\/#breadcrumb\",\"itemListElement\":[{\"@type\":\"ListItem\",\"position\":1,\"name\":\"Startseite\",\"item\":\"https:\/\/www.tap.as\/rezepte\/\"},{\"@type\":\"ListItem\",\"position\":2,\"name\":\"\u00dcber tap.as\"}]}]}<\/script>\n<!-- \/ Yoast SEO plugin. -->","yoast_head_json":{"robots":{"index":"index","follow":"follow","max-snippet":"max-snippet:-1","max-image-preview":"max-image-preview:large","max-video-preview":"max-video-preview:-1"},"canonical":"https:\/\/www.tap.as\/rezepte\/about\/","og_locale":"de_DE","og_type":"article","og_title":"\u00dcber tap.as - Tap.as","og_description":"Was ist Tap.as? Tap.as (pinchos.ch) ist ein Webprojekt rund um das Thema Tapas, Pinchos und den ganzen Rest der kulinarischen Seite Spaniens. Ziel ist es unsere Besucher umfassend zum Thema zu informieren. Eine Rezeptdatenbank wird auf- und ausgebaut. Warum gibt &hellip; Weiterlesen &rarr;","og_url":"https:\/\/www.tap.as\/rezepte\/about\/","og_site_name":"Tap.as","article_modified_time":"2015-09-02T08:15:05+00:00","twitter_card":"summary_large_image","twitter_misc":{"Gesch\u00e4tzte Lesezeit":"1\u00a0Minute"},"schema":{"@context":"https:\/\/schema.org","@graph":[{"@type":"WebSite","@id":"https:\/\/www.tap.as\/rezepte\/#website","url":"https:\/\/www.tap.as\/rezepte\/","name":"Tap.as","description":"Tapas und Pinchos Rezepte","potentialAction":[{"@type":"SearchAction","target":{"@type":"EntryPoint","urlTemplate":"https:\/\/www.tap.as\/rezepte\/?s={search_term_string}"},"query-input":"required name=search_term_string"}],"inLanguage":"de"},{"@type":"WebPage","@id":"https:\/\/www.tap.as\/rezepte\/about\/#webpage","url":"https:\/\/www.tap.as\/rezepte\/about\/","name":"\u00dcber tap.as - Tap.as","isPartOf":{"@id":"https:\/\/www.tap.as\/rezepte\/#website"},"datePublished":"2010-06-18T20:51:35+00:00","dateModified":"2015-09-02T08:15:05+00:00","breadcrumb":{"@id":"https:\/\/www.tap.as\/rezepte\/about\/#breadcrumb"},"inLanguage":"de","potentialAction":[{"@type":"ReadAction","target":["https:\/\/www.tap.as\/rezepte\/about\/"]}]},{"@type":"BreadcrumbList","@id":"https:\/\/www.tap.as\/rezepte\/about\/#breadcrumb","itemListElement":[{"@type":"ListItem","position":1,"name":"Startseite","item":"https:\/\/www.tap.as\/rezepte\/"},{"@type":"ListItem","position":2,"name":"\u00dcber tap.as"}]}]}},"_links":{"self":[{"href":"https:\/\/www.tap.as\/rezepte\/wp-json\/wp\/v2\/pages\/2"}],"collection":[{"href":"https:\/\/www.tap.as\/rezepte\/wp-json\/wp\/v2\/pages"}],"about":[{"href":"https:\/\/www.tap.as\/rezepte\/wp-json\/wp\/v2\/types\/page"}],"author":[{"embeddable":true,"href":"https:\/\/www.tap.as\/rezepte\/wp-json\/wp\/v2\/users\/1"}],"replies":[{"embeddable":true,"href":"https:\/\/www.tap.as\/rezepte\/wp-json\/wp\/v2\/comments?post=2"}],"version-history":[{"count":9,"href":"https:\/\/www.tap.as\/rezepte\/wp-json\/wp\/v2\/pages\/2\/revisions"}],"predecessor-version":[{"id":184,"href":"https:\/\/www.tap.as\/rezepte\/wp-json\/wp\/v2\/pages\/2\/revisions\/184"}],"wp:attachment":[{"href":"https:\/\/www.tap.as\/rezepte\/wp-json\/wp\/v2\/media?parent=2"}],"curies":[{"name":"wp","href":"https:\/\/api.w.org\/{rel}","templated":true}]}}