{"id":28,"date":"2010-08-27T08:37:18","date_gmt":"2010-08-27T06:37:18","guid":{"rendered":"http:\/\/www.tap.as\/rezepte\/?page_id=28"},"modified":"2022-02-21T22:55:43","modified_gmt":"2022-02-21T21:55:43","slug":"pinchos","status":"publish","type":"page","link":"https:\/\/www.tap.as\/rezepte\/pinchos\/","title":{"rendered":"Pinchos"},"content":{"rendered":"<p>Pinchos sind die Fingerfood-Varianten der Tapas. Alten \u00dcberlieferungen nach stammen sie aus dem Ort San Sebasti\u00e1n im Norden Spaniens. Im Unterschied zu anderen Tapas die in Schalen oder Tellern serviert werden, findet man Pinchos meistens auf grossen Platten bereit stehend. Die G\u00e4ste k\u00f6nnen sich dann selbst bedienen.<\/p>\n<p><img loading=\"lazy\" class=\"aligncenter\" title=\"Pinchos\" src=\"http:\/\/tap.as\/images\/pinch1.jpg\" alt=\"Pinchos\" width=\"500\" height=\"333\"><\/p>\n<p>Ein Pincho ist nichts anderes als ein Spiesschen. In den meisten F\u00e4llen werden damit K\u00f6stlichkeiten wie Meeresfr\u00fcchte, Serrano-Schinken oder K\u00e4se auf eine kleine Brotscheibe gepinnt. Mit liebevoller Dekoration sind sie nicht nur f\u00fcr den Gaumen, sondern auch f\u00fcr das Auge ein Genuss.<\/p>\n<p>Vor allem in den traditionellen Pincho-Bars werden f\u00fcr verschiedene Pinchos auch unterschiedliche Spiesschen verwendet. Diese dienen dazu den Preis des entsprechenden Pinchos festzulegen. Der Gast sammelt dann einfach seine Spiesschen, und bezahlt anhand dieser anschliessend sein Essen.<\/p>\n<p><img loading=\"lazy\" class=\"aligncenter\" title=\"Pinchos mit Sardellen\" src=\"http:\/\/tap.as\/images\/pinch2.jpg\" alt=\"Pinchos\" width=\"500\" height=\"360\"><\/p>\n<p>Wie auch zu den anderen Tapas werden in den unterschiedlichen Regionen verschiedene Getr\u00e4nke dazu bevorzugt: Sherry, Bier, Sidra (Apfelwein) oder Wein.<\/p>\n","protected":false},"excerpt":{"rendered":"<p>Pinchos sind die Fingerfood-Varianten der Tapas. Alten \u00dcberlieferungen nach stammen sie aus dem Ort San Sebasti\u00e1n im Norden Spaniens. Im Unterschied zu anderen Tapas die in Schalen oder Tellern serviert werden, findet man Pinchos meistens auf grossen Platten bereit stehend. &hellip; <a href=\"https:\/\/www.tap.as\/rezepte\/pinchos\/\">Weiterlesen <span class=\"meta-nav\">&rarr;<\/span><\/a><\/p>\n","protected":false},"author":1,"featured_media":0,"parent":0,"menu_order":2,"comment_status":"closed","ping_status":"closed","template":"sidebar-page.php","meta":[],"yoast_head":"<!-- This site is optimized with the Yoast SEO plugin v18.1 - https:\/\/yoast.com\/wordpress\/plugins\/seo\/ -->\n<meta name=\"description\" content=\"Pinchos sind lecker\" \/>\n<meta name=\"robots\" content=\"index, follow, max-snippet:-1, max-image-preview:large, max-video-preview:-1\" \/>\n<link rel=\"canonical\" href=\"https:\/\/www.tap.as\/rezepte\/pinchos\/\" \/>\n<meta property=\"og:locale\" content=\"de_DE\" \/>\n<meta property=\"og:type\" content=\"article\" \/>\n<meta property=\"og:title\" content=\"Pinchos - Tap.as\" \/>\n<meta property=\"og:description\" content=\"Pinchos sind lecker\" \/>\n<meta property=\"og:url\" content=\"https:\/\/www.tap.as\/rezepte\/pinchos\/\" \/>\n<meta property=\"og:site_name\" content=\"Tap.as\" \/>\n<meta property=\"article:modified_time\" content=\"2022-02-21T21:55:43+00:00\" \/>\n<meta property=\"og:image\" content=\"http:\/\/tap.as\/images\/pinch1.jpg\" \/>\n<meta name=\"twitter:card\" content=\"summary_large_image\" \/>\n<meta name=\"twitter:label1\" content=\"Gesch\u00e4tzte Lesezeit\" \/>\n\t<meta name=\"twitter:data1\" content=\"2\u00a0Minuten\" \/>\n<script type=\"application\/ld+json\" class=\"yoast-schema-graph\">{\"@context\":\"https:\/\/schema.org\",\"@graph\":[{\"@type\":\"WebSite\",\"@id\":\"https:\/\/www.tap.as\/rezepte\/#website\",\"url\":\"https:\/\/www.tap.as\/rezepte\/\",\"name\":\"Tap.as\",\"description\":\"Tapas und Pinchos Rezepte\",\"potentialAction\":[{\"@type\":\"SearchAction\",\"target\":{\"@type\":\"EntryPoint\",\"urlTemplate\":\"https:\/\/www.tap.as\/rezepte\/?s={search_term_string}\"},\"query-input\":\"required name=search_term_string\"}],\"inLanguage\":\"de\"},{\"@type\":\"ImageObject\",\"@id\":\"https:\/\/www.tap.as\/rezepte\/pinchos\/#primaryimage\",\"inLanguage\":\"de\",\"url\":\"http:\/\/tap.as\/images\/pinch1.jpg\",\"contentUrl\":\"http:\/\/tap.as\/images\/pinch1.jpg\"},{\"@type\":\"WebPage\",\"@id\":\"https:\/\/www.tap.as\/rezepte\/pinchos\/#webpage\",\"url\":\"https:\/\/www.tap.as\/rezepte\/pinchos\/\",\"name\":\"Pinchos - Tap.as\",\"isPartOf\":{\"@id\":\"https:\/\/www.tap.as\/rezepte\/#website\"},\"primaryImageOfPage\":{\"@id\":\"https:\/\/www.tap.as\/rezepte\/pinchos\/#primaryimage\"},\"datePublished\":\"2010-08-27T06:37:18+00:00\",\"dateModified\":\"2022-02-21T21:55:43+00:00\",\"description\":\"Pinchos sind lecker\",\"breadcrumb\":{\"@id\":\"https:\/\/www.tap.as\/rezepte\/pinchos\/#breadcrumb\"},\"inLanguage\":\"de\",\"potentialAction\":[{\"@type\":\"ReadAction\",\"target\":[\"https:\/\/www.tap.as\/rezepte\/pinchos\/\"]}]},{\"@type\":\"BreadcrumbList\",\"@id\":\"https:\/\/www.tap.as\/rezepte\/pinchos\/#breadcrumb\",\"itemListElement\":[{\"@type\":\"ListItem\",\"position\":1,\"name\":\"Startseite\",\"item\":\"https:\/\/www.tap.as\/rezepte\/\"},{\"@type\":\"ListItem\",\"position\":2,\"name\":\"Pinchos\"}]}]}<\/script>\n<!-- \/ Yoast SEO plugin. -->","yoast_head_json":{"description":"Pinchos sind lecker","robots":{"index":"index","follow":"follow","max-snippet":"max-snippet:-1","max-image-preview":"max-image-preview:large","max-video-preview":"max-video-preview:-1"},"canonical":"https:\/\/www.tap.as\/rezepte\/pinchos\/","og_locale":"de_DE","og_type":"article","og_title":"Pinchos - Tap.as","og_description":"Pinchos sind lecker","og_url":"https:\/\/www.tap.as\/rezepte\/pinchos\/","og_site_name":"Tap.as","article_modified_time":"2022-02-21T21:55:43+00:00","og_image":[{"url":"http:\/\/tap.as\/images\/pinch1.jpg"}],"twitter_card":"summary_large_image","twitter_misc":{"Gesch\u00e4tzte Lesezeit":"2\u00a0Minuten"},"schema":{"@context":"https:\/\/schema.org","@graph":[{"@type":"WebSite","@id":"https:\/\/www.tap.as\/rezepte\/#website","url":"https:\/\/www.tap.as\/rezepte\/","name":"Tap.as","description":"Tapas und Pinchos Rezepte","potentialAction":[{"@type":"SearchAction","target":{"@type":"EntryPoint","urlTemplate":"https:\/\/www.tap.as\/rezepte\/?s={search_term_string}"},"query-input":"required name=search_term_string"}],"inLanguage":"de"},{"@type":"ImageObject","@id":"https:\/\/www.tap.as\/rezepte\/pinchos\/#primaryimage","inLanguage":"de","url":"http:\/\/tap.as\/images\/pinch1.jpg","contentUrl":"http:\/\/tap.as\/images\/pinch1.jpg"},{"@type":"WebPage","@id":"https:\/\/www.tap.as\/rezepte\/pinchos\/#webpage","url":"https:\/\/www.tap.as\/rezepte\/pinchos\/","name":"Pinchos - Tap.as","isPartOf":{"@id":"https:\/\/www.tap.as\/rezepte\/#website"},"primaryImageOfPage":{"@id":"https:\/\/www.tap.as\/rezepte\/pinchos\/#primaryimage"},"datePublished":"2010-08-27T06:37:18+00:00","dateModified":"2022-02-21T21:55:43+00:00","description":"Pinchos sind lecker","breadcrumb":{"@id":"https:\/\/www.tap.as\/rezepte\/pinchos\/#breadcrumb"},"inLanguage":"de","potentialAction":[{"@type":"ReadAction","target":["https:\/\/www.tap.as\/rezepte\/pinchos\/"]}]},{"@type":"BreadcrumbList","@id":"https:\/\/www.tap.as\/rezepte\/pinchos\/#breadcrumb","itemListElement":[{"@type":"ListItem","position":1,"name":"Startseite","item":"https:\/\/www.tap.as\/rezepte\/"},{"@type":"ListItem","position":2,"name":"Pinchos"}]}]}},"_links":{"self":[{"href":"https:\/\/www.tap.as\/rezepte\/wp-json\/wp\/v2\/pages\/28"}],"collection":[{"href":"https:\/\/www.tap.as\/rezepte\/wp-json\/wp\/v2\/pages"}],"about":[{"href":"https:\/\/www.tap.as\/rezepte\/wp-json\/wp\/v2\/types\/page"}],"author":[{"embeddable":true,"href":"https:\/\/www.tap.as\/rezepte\/wp-json\/wp\/v2\/users\/1"}],"replies":[{"embeddable":true,"href":"https:\/\/www.tap.as\/rezepte\/wp-json\/wp\/v2\/comments?post=28"}],"version-history":[{"count":12,"href":"https:\/\/www.tap.as\/rezepte\/wp-json\/wp\/v2\/pages\/28\/revisions"}],"predecessor-version":[{"id":192,"href":"https:\/\/www.tap.as\/rezepte\/wp-json\/wp\/v2\/pages\/28\/revisions\/192"}],"wp:attachment":[{"href":"https:\/\/www.tap.as\/rezepte\/wp-json\/wp\/v2\/media?parent=28"}],"curies":[{"name":"wp","href":"https:\/\/api.w.org\/{rel}","templated":true}]}}